{"id":1891,"date":"2021-05-10T15:56:29","date_gmt":"2021-05-10T18:56:29","guid":{"rendered":"https:\/\/isfd56-bue.infd.edu.ar\/sitio\/?page_id=1891"},"modified":"2021-08-19T22:23:25","modified_gmt":"2021-08-20T01:23:25","slug":"constancias","status":"publish","type":"page","link":"https:\/\/isfd56-bue.infd.edu.ar\/sitio\/constancias\/","title":{"rendered":"CONSTANCIAS"},"content":{"rendered":"\n<p class=\"has-medium-font-size\"><strong><span class=\"has-inline-color has-vivid-green-cyan-color\">Solicitud de Constancia de Porcentaje de Materias Aprobadas.<\/span><\/strong><\/p>\n\n\n\n<p>En esta oportunidad les brindamos un sencillo instructivo sobre c\u00f3mo solicitar la Constancia de Porcentaje de Materias Aprobadas. Para eso, les sugerimos cliquear <a href=\"https:\/\/isfd56-bue.infd.edu.ar\/sitio\/wp-content\/uploads\/2021\/08\/Solicitud-de-Porcentaje-de-Materias_Version-final.pdf\"><strong>AQU\u00cd <\/strong><\/a><\/p>\n\n\n\n<p><strong><span class=\"has-inline-color has-vivid-red-color\">Aclaraci\u00f3n importante<\/span>:<\/strong> <\/p>\n\n\n\n<p>A quienes sean alumnos regulares (quienes est\u00e9n cursando en el presente ciclo lectivo o quienes hayan terminado de cursar y hayan aprobado alg\u00fan final en las fechas del turno de febrero-marzo-abril 2021), <strong><span class=\"has-inline-color has-vivid-red-color\">se les enviar\u00e1<\/span><\/strong>, junto con la <strong><span class=\"has-inline-color has-vivid-red-color\">constancia de porcentaje de materias aprobadas<\/span><\/strong>, la <span class=\"has-inline-color has-vivid-red-color\"><strong>constancia de<\/strong> <strong>alumno regular<\/strong><\/span>. Por lo tanto, <span class=\"has-inline-color has-vivid-red-color\"><span style=\"text-decoration: underline;\">NO la soliciten por mail<\/span><\/span>. Gracias!<\/p>\n\n\n\n<p>Cliqueando en el nombre de cada carrera, acceder\u00e1n al formulario correspondiente para efectuar la solicitud de dicha constancia.<\/p>\n\n\n\n<p><\/p>\n\n\n\n<ul id=\"block-25d7b662-a87e-4a58-a481-59c7caec5322\"><li>Profesorado de <a href=\"https:\/\/docs.google.com\/forms\/d\/e\/1FAIpQLSeqyfqK_7OT3MSaQMeC7xsYkr3ao_XZu9R9Oyex2iJKZtGsJQ\/viewform\">Educaci\u00f3n Inicial<\/a><\/li><li>Profesorado de <a href=\"https:\/\/docs.google.com\/forms\/d\/e\/1FAIpQLSeiG6qP9idBBV54x6-u0umYtJ4SywbqnziJT2ymnvnwTqhNVA\/viewform\">Educaci\u00f3n Primaria<\/a>&nbsp;<\/li><li>Profesorado de <a href=\"https:\/\/docs.google.com\/forms\/d\/e\/1FAIpQLSdOSiKEqS65iI8vB9MvTRBS3fDtu1iqu6A3-bmTUlGWhShyLg\/viewform\">Educaci\u00f3n Secundaria en Qu\u00edmica<\/a><\/li><li>Profesorado de <a href=\"https:\/\/docs.google.com\/forms\/d\/e\/1FAIpQLSfdFCXOkBN7w_1BXveS7EkkrxknPBu7SHROMRQY7VtjcEqQsg\/viewform\">Educaci\u00f3n Secundaria en F\u00edsica<\/a><\/li><li>Profesorado de <a href=\"https:\/\/docs.google.com\/forms\/d\/e\/1FAIpQLSf7OgX2V4sdBSSGbsO1x6zT-ukkCdt52hjdGQ-LIi-J77p4AQ\/viewform\">Educaci\u00f3n Secundaria en Biolog\u00eda<\/a>  &nbsp; &nbsp; &nbsp; &nbsp; &nbsp; &nbsp; &nbsp; &nbsp; &nbsp; &nbsp; &nbsp; &nbsp; &nbsp; &nbsp; &nbsp; &nbsp; &nbsp; &nbsp;&nbsp; &nbsp; &nbsp; &nbsp; &nbsp; &nbsp; &nbsp; &nbsp; &nbsp; &nbsp; &nbsp; &nbsp; &nbsp; &nbsp; &nbsp; &nbsp; &nbsp; &nbsp; &nbsp; &nbsp; &nbsp; &nbsp; &nbsp; &nbsp; &nbsp;<\/li><li>Profesorado de <a href=\"https:\/\/docs.google.com\/forms\/d\/e\/1FAIpQLSfr48t2704P3ITgH-2oGNBj71Y4t9LPteUW7GZTzK75tf4RHQ\/viewform\">Educaci\u00f3n Secundaria en Lengua y Literatura<\/a>&nbsp; &nbsp; &nbsp;&nbsp; &nbsp;<\/li><li>Profesorado de<a href=\"https:\/\/docs.google.com\/forms\/d\/e\/1FAIpQLScWQ71TBgdHAky_ST-swYah4yj0Q1h8ofy8MfiqO8LZArd6nw\/viewform\"> Educaci\u00f3n Secundaria en Matem\u00e1tica<\/a><\/li><li>Tecnicatura Superior en <a href=\"https:\/\/docs.google.com\/forms\/d\/e\/1FAIpQLSd6g5twbbQ0kqErixM7F6oenbAOCDBYnbuP20V0W5PXkgKP2A\/viewform\">Bibliotecolog\u00eda&nbsp;<\/a> <\/li><\/ul>\n\n\n\n<p>En el \u00edtem siguiente encontrar\u00e1n las planillas que deber\u00e1n descargar, completar y adjuntar en el formulario.<\/p>\n\n\n\n<div class=\"wp-block-group\"><div class=\"wp-block-group__inner-container is-layout-flow\">\n<h5 class=\"wp-block-heading\"><span style=\"text-decoration: underline;\"><span style=\"color: #339966; text-decoration: underline;\">Planillas de Declaraci\u00f3n Jurada de Materias aprobadas.<\/span><\/span><\/h5>\n\n\n\n<p>Cliqueando en el nombre de la carrera descargar\u00e1n directamente la planilla de Declaraci\u00f3n Jurada de Materias Aprobadas.<\/p>\n\n\n\n<ul><li><a href=\"https:\/\/isfd56-bue.infd.edu.ar\/sitio\/wp-content\/uploads\/2020\/06\/ISFDyT-56_ED.-INICIAL_Porcentaje_T%C3%ADt-en-Tr%C3%A1mite.xlsx\">Profesorado de Educaci\u00f3n Inicial<\/a><\/li><li><a href=\"https:\/\/isfd56-bue.infd.edu.ar\/sitio\/wp-content\/uploads\/2020\/06\/ISFDyT-56_ED.-PRIMARIA_Porcentaje_T%C3%ADt-en-Tr%C3%A1mite.xlsx\">Profesorado de Educaci\u00f3n Primaria&nbsp;<\/a><\/li><li><a href=\"https:\/\/isfd56-bue.infd.edu.ar\/sitio\/wp-content\/uploads\/2020\/06\/ISFDyT-56_QU%C3%8DMICA_Porcentaje_T%C3%ADt-en-Tr%C3%A1mite.xlsx\">Profesorado de Educaci\u00f3n Secundaria en Qu\u00edmica<\/a><\/li><li><a href=\"https:\/\/isfd56-bue.infd.edu.ar\/sitio\/wp-content\/uploads\/2020\/06\/ISFDyT-56_F%C3%8DSICA_Porcentaje_T%C3%ADt-en-Tr%C3%A1mite.xlsx\">Profesorado de Educaci\u00f3n Secundaria en F\u00edsica<\/a><\/li><li><a href=\"https:\/\/isfd56-bue.infd.edu.ar\/sitio\/wp-content\/uploads\/2021\/06\/ISFDyT-56_BIOLOG\u00cdA_Porcentaje_T\u00edt-en-Tr\u00e1mite.xlsx\">Profesorado de Educaci\u00f3n Secundaria en Biolog\u00eda<\/a>&nbsp; &nbsp; &nbsp; &nbsp; &nbsp; &nbsp; &nbsp; &nbsp; &nbsp; &nbsp; &nbsp; &nbsp; &nbsp; &nbsp; &nbsp; &nbsp; &nbsp; &nbsp; &nbsp;<span style=\"color: #000000;\"><span style=\"color: #3366ff;\">&nbsp; &nbsp; &nbsp; &nbsp; &nbsp; &nbsp; &nbsp; &nbsp; &nbsp; &nbsp; &nbsp; &nbsp; &nbsp; &nbsp; &nbsp; &nbsp; &nbsp; &nbsp; &nbsp; &nbsp; &nbsp; &nbsp; &nbsp; &nbsp; &nbsp;<\/span><\/span><\/li><li><span style=\"color: #3366ff;\"><a style=\"color: #3366ff;\" href=\"https:\/\/isfd56-bue.infd.edu.ar\/sitio\/wp-content\/uploads\/2020\/06\/ISFDyT-56_LENGUAPlan-Anterior_Porcentaje_T\u00edt-en-Tr\u00e1mite.xlsx\">Profesorado de Educaci\u00f3n Secundaria en Lengua y Literatura (Plan Anterior)<\/a>&nbsp; &nbsp; &nbsp;<\/span><\/li><li><span style=\"color: #3366ff;\"><a href=\"https:\/\/isfd56-bue.infd.edu.ar\/sitio\/wp-content\/uploads\/2021\/05\/Planilla-Porcentaje-LENGUA-Plan-NUEVO-1.xlsx\">Profesorado de Educaci\u00f3n Secundaria en Lengua y Literatura (Plan Nuevo)<\/a>&nbsp; &nbsp; &nbsp; &nbsp; &nbsp; &nbsp; &nbsp;<\/span><\/li><li><span style=\"color: #3366ff;\"><a style=\"color: #3366ff;\" href=\"https:\/\/isfd56-bue.infd.edu.ar\/sitio\/wp-content\/uploads\/2020\/06\/ISFDyT-56_MATEM\u00c1TICA-Plan-Anterior_Porcentaje_T\u00edt-en-Tr\u00e1mite.xlsx\">Profesorado de Educaci\u00f3n Secundaria en Matem\u00e1tica (Plan Anterior)<\/a>&nbsp; &nbsp; &nbsp; &nbsp; &nbsp; &nbsp; &nbsp; &nbsp; &nbsp; &nbsp; &nbsp; &nbsp; &nbsp; &nbsp; &nbsp; &nbsp;&nbsp;<\/span><\/li><li><a href=\"https:\/\/isfd56-bue.infd.edu.ar\/sitio\/wp-content\/uploads\/2021\/05\/Planilla-Porcentaje-MATEM\u00c1TICA-Plan-NUEVO-1.xlsx\">Profesorado de Educaci\u00f3n Secundaria en Matem\u00e1tica (Plan Nuevo)<\/a><\/li><li><a href=\"https:\/\/isfd56-bue.infd.edu.ar\/sitio\/wp-content\/uploads\/2020\/06\/ISFDyT-56_BIBLIOTECOLOG%C3%8DA_Porcentaje_T%C3%ADt-en-Tr%C3%A1mite.xlsx\">Tecnicatura Superior en Bibliotecolog\u00eda<\/a>&nbsp;<\/li><\/ul>\n<\/div><\/div>\n\n\n\n<hr class=\"wp-block-separator\"\/>\n\n\n\n<p><\/p>\n","protected":false},"excerpt":{"rendered":"<p>Solicitud de Constancia de Porcentaje de Materias Aprobadas. En esta oportunidad les brindamos un sencillo instructivo sobre c\u00f3mo solicitar la Constancia de Porcentaje de Materias Aprobadas. Para eso, les sugerimos cliquear AQU\u00cd Aclaraci\u00f3n importante: A quienes sean alumnos regulares (quienes est\u00e9n cursando en el presente ciclo lectivo o quienes hayan terminado de cursar y hayan &#8230; <a title=\"CONSTANCIAS\" class=\"read-more\" href=\"https:\/\/isfd56-bue.infd.edu.ar\/sitio\/constancias\/\" aria-label=\"More on CONSTANCIAS\">[+]<\/a><\/p>\n","protected":false},"author":21,"featured_media":0,"parent":0,"menu_order":0,"comment_status":"closed","ping_status":"closed","template":"","meta":[],"acf":[],"_links":{"self":[{"href":"https:\/\/isfd56-bue.infd.edu.ar\/sitio\/wp-json\/wp\/v2\/pages\/1891"}],"collection":[{"href":"https:\/\/isfd56-bue.infd.edu.ar\/sitio\/wp-json\/wp\/v2\/pages"}],"about":[{"href":"https:\/\/isfd56-bue.infd.edu.ar\/sitio\/wp-json\/wp\/v2\/types\/page"}],"author":[{"embeddable":true,"href":"https:\/\/isfd56-bue.infd.edu.ar\/sitio\/wp-json\/wp\/v2\/users\/21"}],"replies":[{"embeddable":true,"href":"https:\/\/isfd56-bue.infd.edu.ar\/sitio\/wp-json\/wp\/v2\/comments?post=1891"}],"version-history":[{"count":9,"href":"https:\/\/isfd56-bue.infd.edu.ar\/sitio\/wp-json\/wp\/v2\/pages\/1891\/revisions"}],"predecessor-version":[{"id":2073,"href":"https:\/\/isfd56-bue.infd.edu.ar\/sitio\/wp-json\/wp\/v2\/pages\/1891\/revisions\/2073"}],"wp:attachment":[{"href":"https:\/\/isfd56-bue.infd.edu.ar\/sitio\/wp-json\/wp\/v2\/media?parent=1891"}],"curies":[{"name":"wp","href":"https:\/\/api.w.org\/{rel}","templated":true}]}}