{"id":2002,"date":"2021-08-11T12:22:53","date_gmt":"2021-08-11T15:22:53","guid":{"rendered":"https:\/\/isfd56-bue.infd.edu.ar\/sitio\/?page_id=2002"},"modified":"2021-08-30T12:46:17","modified_gmt":"2021-08-30T15:46:17","slug":"cipes","status":"publish","type":"page","link":"https:\/\/isfd56-bue.infd.edu.ar\/sitio\/cipes\/","title":{"rendered":"CIPES"},"content":{"rendered":"<h5><span style=\"text-decoration: underline;\"><span style=\"color: #339966; text-decoration: underline;\">Charla informativa sobre Ingreso a la docencia<\/span><\/span><\/h5>\n<p>Publicaci\u00f3n del 30\/08\/2021<\/p>\n<p><img decoding=\"async\" loading=\"lazy\" class=\"alignleft\" src=\"https:\/\/isfd56-bue.infd.edu.ar\/sitio\/wp-content\/uploads\/2021\/08\/IMG-20210827-WA0021.jpg\" width=\"525\" height=\"295\" \/><\/p>\n<p>&nbsp;<\/p>\n<p>Les invitamos a esta charla informativa sobre Ingreso a la docencia.<\/p>\n<p>Se llevar\u00e1 a cabo en forma virtual.<\/p>\n<p>En el flyer est\u00e1 publicada la plataforma y el c\u00f3digo para ingresar.<\/p>\n<p>Les esperamos!!!<\/p>\n<p>&nbsp;<\/p>\n<p>&nbsp;<\/p>\n<p>&nbsp;<\/p>\n<h5><span style=\"text-decoration: underline;\"><span style=\"color: #339966; text-decoration: underline;\">Nueva propuesta formativa: Curso virtual \u00abEscuela y cultura digital\u00bb<\/span><\/span><\/h5>\n<p>Publicaci\u00f3n del 25\/08\/2021<\/p>\n<p><img decoding=\"async\" loading=\"lazy\" class=\"alignleft\" src=\"https:\/\/isfd56-bue.infd.edu.ar\/sitio\/wp-content\/uploads\/2021\/08\/Screenshot_20210825-174959-980.png\" width=\"490\" height=\"501\" \/><\/p>\n<p>&nbsp;<\/p>\n<p>Les convocamos a conocer m\u00e1s sobre esta propuesta.<\/p>\n<p>Ingresen en <a href=\"https:\/\/isfd56-bue.infd.edu.ar\/sitio\/wp-content\/uploads\/2021\/08\/Descripcion-sintetica-de-propuesta-formativa_Institutos-Escuela-cultural-y-digital.pdf\">Descripci\u00f3n sint\u00e9tica de la propuesta formativa<\/a><\/p>\n<p>&nbsp;<\/p>\n<p>&nbsp;<\/p>\n<p>&nbsp;<\/p>\n<p>&nbsp;<\/p>\n<p>&nbsp;<\/p>\n<p>&nbsp;<\/p>\n<h5 style=\"text-align: left;\"><span style=\"text-decoration: underline;\">\u00bfQU\u00c9 ES UN CIPE ?<\/span>(coordinador\/a institucional de pol\u00edticas estudiantiles)<\/h5>\n<p>Les Coordinadores Institucionales de Pol\u00edticas Estudiantiles (CIPEs) son parte de una estrategia del Instituto Nacional de Formaci\u00f3n Docente del Ministerio de Educaci\u00f3n de la Naci\u00f3n en acuerdo federal con las Jurisdicciones para motorizar y llevar adelante el fortalecimiento y enriquecimiento de las trayectorias estudiantiles.<br \/>Tienen un rol central en acompa\u00f1ar la generaci\u00f3n de condiciones institucionales que alienten la participaci\u00f3n de las distintas voces, el di\u00e1logo entre los estudiantes, entre estudiantes y profesores, entre estudiantes y directivos, y tambi\u00e9n en estrechar el v\u00ednculo entre el instituto y el resto de la comunidad.<br \/>En este sentido, los CIPEs conforman el equipo ampliado de Pol\u00edticas Estudiantiles tanto del INFOD como de cada Jurisdicci\u00f3n. En esta l\u00f3gica de construcci\u00f3n y en el marco de dichos acuerdos, como la Resoluci\u00f3n del Consejo Federal N\u00b0 188\/12 tenemos como objetivos centrales:<\/p>\n<ul>\n<li>Promover la participaci\u00f3n e involucramiento de los estudiantes en la gesti\u00f3n democr\u00e1tica de las instituciones y en el mejoramiento acad\u00e9mico.<\/li>\n<li>Desarrollar proyectos de construcci\u00f3n colectiva con estudiantes y otros actores institucionales en tem\u00e1ticas que promuevan la construcci\u00f3n del sentido \u00e9tico, pol\u00edtico y transformador del docente, la pertenencia institucional y autonom\u00eda.<\/li>\n<\/ul>\n<p>A partir de este a\u00f1o estaremos acompa\u00f1ando a les estudiantes los diferentes recorridos acad\u00e9micos e institucionales.<\/p>\n<p>Nos presentamos<\/p>\n<p style=\"text-align: center;\"><img decoding=\"async\" loading=\"lazy\" class=\"alignnone size-full wp-image-2009\" src=\"https:\/\/isfd56-bue.infd.edu.ar\/sitio\/wp-content\/uploads\/2021\/08\/Yanina-e1628948039398.png\" alt=\"\" width=\"364\" height=\"305\" \/>\u00a0 \u00a0 \u00a0 \u00a0 \u00a0 \u00a0 \u00a0 \u00a0 \u00a0 \u00a0 \u00a0 \u00a0 <img decoding=\"async\" loading=\"lazy\" class=\"alignnone size-full wp-image-2007\" src=\"https:\/\/isfd56-bue.infd.edu.ar\/sitio\/wp-content\/uploads\/2021\/08\/Gabriela-e1628947992124.png\" alt=\"\" width=\"364\" height=\"305\" \/><\/p>\n<p>&nbsp;<\/p>\n<p style=\"text-align: center;\">\u00a0 \u00a0 \u00a0 \u00a0 \u00a0 \u00a0 \u00a0 \u00a0 \u00a0 \u00a0 \u00a0 \u00a0 \u00a0 <img decoding=\"async\" loading=\"lazy\" class=\"alignnone size-full wp-image-2005\" src=\"https:\/\/isfd56-bue.infd.edu.ar\/sitio\/wp-content\/uploads\/2021\/08\/Carmen-e1628947916288.png\" alt=\"\" width=\"364\" height=\"305\" \/>\u00a0 \u00a0 \u00a0 \u00a0 \u00a0 \u00a0 \u00a0 \u00a0 \u00a0 \u00a0 \u00a0 \u00a0 <img decoding=\"async\" loading=\"lazy\" class=\"alignnone size-full wp-image-2008\" src=\"https:\/\/isfd56-bue.infd.edu.ar\/sitio\/wp-content\/uploads\/2021\/08\/Lorena-e1628948061316.png\" alt=\"\" width=\"364\" height=\"305\" \/>\u00a0 \u00a0 \u00a0 \u00a0 \u00a0 \u00a0 \u00a0 \u00a0 \u00a0 \u00a0 \u00a0 \u00a0 \u00a0\u00a0<\/p>\n<p>&nbsp;<\/p>\n<p><img decoding=\"async\" loading=\"lazy\" class=\"size-full wp-image-2045 aligncenter\" src=\"https:\/\/isfd56-bue.infd.edu.ar\/sitio\/wp-content\/uploads\/2021\/08\/CIPES-EN-EL-56.png\" alt=\"\" width=\"604\" height=\"341\" \/><\/p>\n<p>&nbsp;<\/p>\n<h5><span style=\"color: #ff00ff;\"><strong>NOVEDADES<\/strong><\/span><\/h5>\n<ul>\n<li><a href=\"https:\/\/isfd56-bue.infd.edu.ar\/sitio\/wp-content\/uploads\/2021\/08\/Becas-Progresar.pdf\">Becas Progresar<\/a><\/li>\n<li><a href=\"https:\/\/isfd56-bue.infd.edu.ar\/sitio\/wp-content\/uploads\/2021\/08\/Concurso-Cambio-Climatico.pdf\">Concurso Cambio Clim\u00e1tico<\/a><\/li>\n<li><a href=\"https:\/\/isfd56-bue.infd.edu.ar\/sitio\/wp-content\/uploads\/2021\/08\/Curso-Educacion-Ambiental.pdf\">Curso Educaci\u00f3n Ambiental<\/a><\/li>\n<li><a href=\"https:\/\/isfd56-bue.infd.edu.ar\/sitio\/wp-content\/uploads\/2021\/08\/Proyectos-de-Investigacion.pdf\">Proyectos de Investigaci\u00f3n<\/a><\/li>\n<\/ul>\n<h4 style=\"text-align: center;\"><span style=\"text-decoration: underline;\"><span style=\"color: #ff00ff; text-decoration: underline;\">Presentaci\u00f3n de las CIPES<\/span><\/span><\/h4>\n<p style=\"text-align: center;\"><span style=\"color: #ff00ff;\">11\/08\/2021<\/span><\/p>\n<p>Queridos \/as estudiantes:<\/p>\n<p>\u00a0\u00a0\u00a0\u00a0\u00a0\u00a0\u00a0\u00a0\u00a0\u00a0\u00a0\u00a0\u00a0\u00a0\u00a0\u00a0\u00a0\u00a0\u00a0\u00a0\u00a0\u00a0\u00a0\u00a0\u00a0\u00a0\u00a0\u00a0\u00a0\u00a0\u00a0\u00a0\u00a0\u00a0\u00a0\u00a0\u00a0\u00a0\u00a0\u00a0\u00a0\u00a0\u00a0\u00a0\u00a0\u00a0 Queremos contarles que el Instituto cuenta\u00a0 con cuatro cargos de CIPES: Coordinadores \/as\u00a0 Institucionales de Pol\u00edticas Estudiantiles.<\/p>\n<p>\u00a0\u00a0\u00a0\u00a0\u00a0\u00a0\u00a0\u00a0\u00a0\u00a0\u00a0\u00a0\u00a0\u00a0\u00a0\u00a0\u00a0\u00a0\u00a0\u00a0\u00a0\u00a0\u00a0\u00a0\u00a0\u00a0\u00a0\u00a0\u00a0\u00a0\u00a0\u00a0\u00a0\u00a0\u00a0\u00a0\u00a0\u00a0\u00a0\u00a0\u00a0\u00a0\u00a0\u00a0\u00a0\u00a0 Las docentes designadas son:<\/p>\n<ul>\n<li style=\"list-style-type: none;\">\n<ul>\n<li style=\"list-style-type: none;\">\n<ul>\n<li style=\"list-style-type: none;\">\n<ul>\n<li style=\"list-style-type: none;\">\n<ul>\n<li style=\"list-style-type: none;\">\n<ul>\n<li style=\"list-style-type: none;\">\n<ul>\n<li style=\"list-style-type: none;\">\n<ul>\n<li style=\"list-style-type: none;\">\n<ul>\n<li style=\"list-style-type: none;\">\n<ul>\n<li>Yanina Astudillo<\/li>\n<li>Gabriela Cabrera<\/li>\n<li>Mar\u00eda del Carmen Ibarra<\/li>\n<li>Lorena Zampella<\/li>\n<\/ul>\n<\/li>\n<\/ul>\n<\/li>\n<\/ul>\n<\/li>\n<\/ul>\n<\/li>\n<\/ul>\n<\/li>\n<\/ul>\n<\/li>\n<\/ul>\n<\/li>\n<\/ul>\n<\/li>\n<\/ul>\n<\/li>\n<\/ul>\n<p>\u00a0\u00a0\u00a0\u00a0\u00a0\u00a0\u00a0\u00a0\u00a0\u00a0\u00a0\u00a0\u00a0\u00a0\u00a0\u00a0\u00a0\u00a0\u00a0\u00a0\u00a0\u00a0\u00a0\u00a0\u00a0\u00a0\u00a0\u00a0\u00a0\u00a0\u00a0\u00a0\u00a0\u00a0\u00a0\u00a0\u00a0\u00a0\u00a0\u00a0\u00a0\u00a0\u00a0\u00a0\u00a0\u00a0 Las profesoras est\u00e1n trabajando en el dise\u00f1o y puesta en pr\u00e1ctica de actividades que tienen como objetivo el fortalecimiento de las trayectorias educativas de cada uno \/a de los \/las estudiantes.<\/p>\n<p>\u00a0\u00a0\u00a0\u00a0\u00a0\u00a0\u00a0\u00a0\u00a0\u00a0\u00a0\u00a0\u00a0\u00a0\u00a0\u00a0\u00a0\u00a0\u00a0\u00a0\u00a0\u00a0\u00a0\u00a0\u00a0\u00a0\u00a0\u00a0\u00a0\u00a0\u00a0\u00a0\u00a0\u00a0\u00a0\u00a0\u00a0\u00a0\u00a0\u00a0\u00a0\u00a0\u00a0\u00a0\u00a0\u00a0\u00a0\u00a0 A continuaci\u00f3n, te ofrecemos informaci\u00f3n para que las vayas conociendo.<\/p>\n<p style=\"text-align: center;\">Equipo de Conducci\u00f3n<\/p>\n<p>&nbsp;<\/p>\n<p><img decoding=\"async\" loading=\"lazy\" class=\"aligncenter wp-image-2006\" src=\"https:\/\/isfd56-bue.infd.edu.ar\/sitio\/wp-content\/uploads\/2021\/08\/Equipo-Cipes-56-500x500.png\" alt=\"\" width=\"400\" height=\"335\" srcset=\"https:\/\/isfd56-bue.infd.edu.ar\/sitio\/wp-content\/uploads\/2021\/08\/Equipo-Cipes-56-768x644.png 768w, https:\/\/isfd56-bue.infd.edu.ar\/sitio\/wp-content\/uploads\/2021\/08\/Equipo-Cipes-56.png 940w\" sizes=\"(max-width: 400px) 100vw, 400px\" \/><\/p>\n<p>&nbsp;<\/p>\n<p>\u00a0 <img decoding=\"async\" loading=\"lazy\" class=\"alignnone wp-image-2009\" src=\"https:\/\/isfd56-bue.infd.edu.ar\/sitio\/wp-content\/uploads\/2021\/08\/Yanina-500x500.png\" alt=\"\" width=\"226\" height=\"225\" \/>\u00a0 \u00a0 \u00a0 \u00a0 \u00a0 \u00a0 \u00a0<img decoding=\"async\" loading=\"lazy\" class=\"alignnone wp-image-2007\" src=\"https:\/\/isfd56-bue.infd.edu.ar\/sitio\/wp-content\/uploads\/2021\/08\/Gabriela-500x500.png\" alt=\"\" width=\"225\" height=\"225\" \/>\u00a0 \u00a0 \u00a0 \u00a0 \u00a0 \u00a0 \u00a0<img decoding=\"async\" loading=\"lazy\" class=\"alignnone  wp-image-2005\" src=\"https:\/\/isfd56-bue.infd.edu.ar\/sitio\/wp-content\/uploads\/2021\/08\/Carmen-500x500.png\" alt=\"\" width=\"225\" height=\"224\" \/>\u00a0 \u00a0 \u00a0 \u00a0 \u00a0 \u00a0 \u00a0<img decoding=\"async\" loading=\"lazy\" class=\"alignnone wp-image-2008\" src=\"https:\/\/isfd56-bue.infd.edu.ar\/sitio\/wp-content\/uploads\/2021\/08\/Lorena-500x500.png\" alt=\"\" width=\"225\" height=\"225\" \/><\/p>\n<p>&nbsp;<\/p>\n<h5 style=\"text-align: center;\"><span style=\"color: #ff00ff;\">AVISO SOBRE CURSO &#8211; 11\/08\/2021<\/span><\/h5>\n<h4><span style=\"color: #ff00ff;\"><img decoding=\"async\" loading=\"lazy\" class=\"wp-image-2016  aligncenter\" src=\"https:\/\/isfd56-bue.infd.edu.ar\/sitio\/wp-content\/uploads\/2021\/08\/IMG-20210811-WA0009-500x500.jpg\" alt=\"\" width=\"439\" height=\"439\" srcset=\"https:\/\/isfd56-bue.infd.edu.ar\/sitio\/wp-content\/uploads\/2021\/08\/IMG-20210811-WA0009-500x500.jpg 500w, https:\/\/isfd56-bue.infd.edu.ar\/sitio\/wp-content\/uploads\/2021\/08\/IMG-20210811-WA0009.jpg 720w\" sizes=\"(max-width: 439px) 100vw, 439px\" \/><\/span><\/h4>\n<p>&nbsp;<\/p>\n","protected":false},"excerpt":{"rendered":"<p>Charla informativa sobre Ingreso a la docencia Publicaci\u00f3n del 30\/08\/2021 &nbsp; Les invitamos a esta charla informativa sobre Ingreso a la docencia. Se llevar\u00e1 a cabo en forma virtual. En el flyer est\u00e1 publicada la plataforma y el c\u00f3digo para ingresar. Les esperamos!!! &nbsp; &nbsp; &nbsp; Nueva propuesta formativa: Curso virtual \u00abEscuela y cultura digital\u00bb &#8230; <a title=\"CIPES\" class=\"read-more\" href=\"https:\/\/isfd56-bue.infd.edu.ar\/sitio\/cipes\/\" aria-label=\"More on CIPES\">[+]<\/a><\/p>\n","protected":false},"author":5040,"featured_media":0,"parent":0,"menu_order":0,"comment_status":"closed","ping_status":"closed","template":"","meta":[],"acf":[],"_links":{"self":[{"href":"https:\/\/isfd56-bue.infd.edu.ar\/sitio\/wp-json\/wp\/v2\/pages\/2002"}],"collection":[{"href":"https:\/\/isfd56-bue.infd.edu.ar\/sitio\/wp-json\/wp\/v2\/pages"}],"about":[{"href":"https:\/\/isfd56-bue.infd.edu.ar\/sitio\/wp-json\/wp\/v2\/types\/page"}],"author":[{"embeddable":true,"href":"https:\/\/isfd56-bue.infd.edu.ar\/sitio\/wp-json\/wp\/v2\/users\/5040"}],"replies":[{"embeddable":true,"href":"https:\/\/isfd56-bue.infd.edu.ar\/sitio\/wp-json\/wp\/v2\/comments?post=2002"}],"version-history":[{"count":44,"href":"https:\/\/isfd56-bue.infd.edu.ar\/sitio\/wp-json\/wp\/v2\/pages\/2002\/revisions"}],"predecessor-version":[{"id":2088,"href":"https:\/\/isfd56-bue.infd.edu.ar\/sitio\/wp-json\/wp\/v2\/pages\/2002\/revisions\/2088"}],"wp:attachment":[{"href":"https:\/\/isfd56-bue.infd.edu.ar\/sitio\/wp-json\/wp\/v2\/media?parent=2002"}],"curies":[{"name":"wp","href":"https:\/\/api.w.org\/{rel}","templated":true}]}}