{"id":4311,"date":"2025-11-27T20:48:35","date_gmt":"2025-11-27T23:48:35","guid":{"rendered":"https:\/\/isfd56-bue.infd.edu.ar\/sitio\/?page_id=4311"},"modified":"2026-02-20T18:30:52","modified_gmt":"2026-02-20T21:30:52","slug":"ingreso-2026","status":"publish","type":"page","link":"https:\/\/isfd56-bue.infd.edu.ar\/sitio\/ingreso-2026\/","title":{"rendered":"INGRESO 2026"},"content":{"rendered":"<h2><strong>ATENCI\u00d3N: Para confirmar\u00a0 inscripci\u00f3n deber\u00e1n presentar la documentaci\u00f3n en formato papel, en un folio, en el instituto el d\u00eda <span style=\"color: #ff0000;\">Lunes 23\/02<\/span>\u00a0 de 2025 en los siguientes horarios:<\/strong><\/h2>\n<h2><strong><br \/>T.Ma\u00f1ana Sede: de 09 a 11.30 hs<br \/>T. Tarde Sede: de 14 a 16.30 hs<br \/>T Noche Sede: de 19 a 21 hs<br \/>T. Noche Subsede: de 19 a 21 hs<\/strong><\/h2>\n<h2><strong>\u00a0<\/p>\n<p><\/strong><strong><u>Reapertura Inscripci\u00f3n a carreras Ciclo Lectivo 2026<\/p>\n<p>Los formularios de inscripci\u00f3n se habilitar\u00e1n el 20\/02 a las 9 hs.\u00a0<\/u><\/strong><\/h2>\n<p>&nbsp;<\/p>\n<p><strong><u>Ingreso a Primer A\u00f1o 2026\u00a0<\/u><\/strong><\/p>\n<p>&nbsp;<\/p>\n<p>Si quer\u00e9s inscribirte como aspirante de PRIMER A\u00d1O, para el ciclo 2026, en nuestro Instituto, complet\u00e1 el formulario de inscripci\u00f3n correspondiente a la carrera que elegiste.<\/p>\n<p>Te pedimos que lo leas con atenci\u00f3n. Los formularios ser\u00e1n habilitados\u00a0<strong>el 20\/02 a las 9 hs.<\/strong><\/p>\n<p><strong><u>IMPORTANTE<\/u><\/strong><strong>:\u00a0Est\u00e1s por completar un formulario que reviste car\u00e1cter de declaraci\u00f3n jurada, pudiendo completar el mismo s\u00f3lo una vez.<\/strong><\/p>\n<p><strong><u>ACLARACI\u00d3N<\/u><\/strong><strong>:<\/strong><\/p>\n<p><strong>Para confirmar esta inscripci\u00f3n deber\u00e1s presentar la documentaci\u00f3n en formato papel, en un folio, en el instituto el d\u00eda Lunes 23\/02\u00a0 de 2025 en los siguientes horarios:<\/strong><\/p>\n<p><strong><br \/>T.Ma\u00f1ana Sede: de 09 a 11.30 hs<br \/>T. Tarde Sede: de 14 a 16.30 hs<br \/>T Noche Sede: de 19 a 21 hs<br \/>T. Noche Subsede: de 19 a 21 hs<\/strong><\/p>\n<p><strong>\u00a0<\/strong><\/p>\n<p>&nbsp;<\/p>\n<p>Si ingres\u00e1s al formulario\u00a0antes de las 9 hs<strong>, aparecer\u00e1 una leyenda que dice que \u201c<em>Este formulario se ha cerrado autom\u00e1ticamente al haber llegado al l\u00edmite de los espacios disponibles para esta carrera<\/em><\/strong>.<strong>\u201d<\/strong>\u00a0A las 9 se abrir\u00e1 y al completarse los espacios se cerrar\u00e1 autom\u00e1ticamente.<\/p>\n<p><strong>Por favor, ingres\u00e1 a partir de las 9:00 hs<\/strong><\/p>\n<p>&nbsp;<\/p>\n<p><strong><u>Turno Ma\u00f1ana Sede<\/u><\/strong><\/p>\n<p><strong>Prof. de Qu\u00edmica (Sede):\u00a0<\/strong><\/p>\n<p><a href=\"https:\/\/docs.google.com\/forms\/d\/e\/1FAIpQLSfbm4eASaZYkDSVH94zMVETiz4VzTXFtEN9FqCBfSkhxuyUCA\/viewform?usp=dialog\">https:\/\/docs.google.com\/forms\/d\/e\/1FAIpQLSfbm4eASaZYkDSVH94zMVETiz4VzTXFtEN9FqCBfSkhxuyUCA\/viewform?usp=dialog<\/a><\/p>\n<p><strong>Prof. de Ed. Inicial Turno MA\u00d1ANA (Sede):\u00a0<\/strong><\/p>\n<p><a href=\"https:\/\/docs.google.com\/forms\/d\/e\/1FAIpQLSeL0IxmO-dVhtEYbns-B6jIBZ-0IGdz37ZrQTq4Ze4G890hXA\/viewform?usp=dialog\">https:\/\/docs.google.com\/forms\/d\/e\/1FAIpQLSeL0IxmO-dVhtEYbns-B6jIBZ-0IGdz37ZrQTq4Ze4G890hXA\/viewform?usp=dialog<\/a><\/p>\n<p>&nbsp;<\/p>\n<p><strong><u>Turno Tarde Sede<\/u><\/strong><\/p>\n<p><strong>Prof. de Ed. Primaria Turno TARDE (Sede) \u00a0<\/strong>\u00a0<\/p>\n<p><a href=\"https:\/\/docs.google.com\/forms\/d\/e\/1FAIpQLScFH5sG5oBW4VmSEKQ3358RS8jfpQ5LCy-AIg9nscb2vsbQFQ\/viewform?usp=dialog\">https:\/\/docs.google.com\/forms\/d\/e\/1FAIpQLScFH5sG5oBW4VmSEKQ3358RS8jfpQ5LCy-AIg9nscb2vsbQFQ\/viewform?usp=dialog<\/a><\/p>\n<p>&nbsp;<\/p>\n<p><strong>\u00a0<u>Turno Noche Sede<\/u><\/strong><\/p>\n<p><strong>Prof. de F\u00edsica (Sede)<\/strong><\/p>\n<p><a href=\"https:\/\/docs.google.com\/forms\/d\/e\/1FAIpQLSe8LlDu_7q8ggVF7Tl75DmjzxhLtbh_hld2VXk4zQrW_kCqLw\/viewform?usp=dialog\">https:\/\/docs.google.com\/forms\/d\/e\/1FAIpQLSe8LlDu_7q8ggVF7Tl75DmjzxhLtbh_hld2VXk4zQrW_kCqLw\/viewform?usp=dialog<\/a><\/p>\n<p>&nbsp;<\/p>\n<p><strong>Prof. de Biolog\u00eda (Sede) \u00a0\u00a0<\/strong><\/p>\n<p><a href=\"https:\/\/docs.google.com\/forms\/d\/e\/1FAIpQLSfCnC8RxqeMT4eEqL4cdzP3qMqCVEe9-tR88jHu1NGQ4vE5nQ\/viewform?usp=dialog\">https:\/\/docs.google.com\/forms\/d\/e\/1FAIpQLSfCnC8RxqeMT4eEqL4cdzP3qMqCVEe9-tR88jHu1NGQ4vE5nQ\/viewform?usp=dialog<\/a><\/p>\n<p>&nbsp;<\/p>\n<p><strong>\u00a0Prof. de Ed. Inicial Turno NOCHE (Sede):\u00a0<\/strong><\/p>\n<p><a href=\"https:\/\/docs.google.com\/forms\/d\/e\/1FAIpQLScIV94lsJ_VUr4DAN74CBjRSpeCbhbgYEQ0I3y3ycjFtwjRvw\/viewform?usp=dialog\">https:\/\/docs.google.com\/forms\/d\/e\/1FAIpQLScIV94lsJ_VUr4DAN74CBjRSpeCbhbgYEQ0I3y3ycjFtwjRvw\/viewform?usp=dialog<\/a><\/p>\n<p>&nbsp;<\/p>\n<p><strong>Tec. Sup. en Bibliotecolog\u00eda (Sede):<\/strong><\/p>\n<p><a href=\"https:\/\/docs.google.com\/forms\/d\/e\/1FAIpQLScPzut23-mJXEkpiyl2KzZ2HN5jSUxddl1hmsthgAaw38vG9Q\/viewform?usp=dialog\">https:\/\/docs.google.com\/forms\/d\/e\/1FAIpQLScPzut23-mJXEkpiyl2KzZ2HN5jSUxddl1hmsthgAaw38vG9Q\/viewform?usp=dialog<\/a><\/p>\n<p>&nbsp;<\/p>\n<p><strong><u>\u00a0Turno Noche Subsede<\/u><\/strong><\/p>\n<p><strong>Prof. de Ed. Primaria Turno NOCHE (Subsede) \u00a0<\/strong>\u00a0<\/p>\n<p><a href=\"https:\/\/docs.google.com\/forms\/d\/e\/1FAIpQLSdmawhVvoevj0bQPK2mq8eeU3015jARpZTeyZv6fuVPDB8Qkg\/viewform?usp=dialog\">https:\/\/docs.google.com\/forms\/d\/e\/1FAIpQLSdmawhVvoevj0bQPK2mq8eeU3015jARpZTeyZv6fuVPDB8Qkg\/viewform?usp=dialog<\/a><\/p>\n<p>&nbsp;<\/p>\n<p><strong>Prof. de Lengua y Literatura (Subsede)\u00a0<\/strong><\/p>\n<p><a href=\"https:\/\/docs.google.com\/forms\/d\/e\/1FAIpQLSeUjVVsA87AiuDT-OkuYKE0CtpnCFVGnoVtUCHH7YaiG3eIVw\/viewform?usp=dialog\">https:\/\/docs.google.com\/forms\/d\/e\/1FAIpQLSeUjVVsA87AiuDT-OkuYKE0CtpnCFVGnoVtUCHH7YaiG3eIVw\/viewform?usp=dialog<\/a><\/p>\n<p>&nbsp;<\/p>\n<p><strong>Prof. de Matem\u00e1tica (Subsede) \u00a0<\/strong>\u00a0<\/p>\n<p><a href=\"https:\/\/docs.google.com\/forms\/d\/e\/1FAIpQLScEbZO5ZCautbfvF5cqU8JDVh_0R6nchmqIdnyRnnhfSHcXEw\/viewform?usp=dialog\">https:\/\/docs.google.com\/forms\/d\/e\/1FAIpQLScEbZO5ZCautbfvF5cqU8JDVh_0R6nchmqIdnyRnnhfSHcXEw\/viewform?usp=dialog<\/a><\/p>\n<h2><span style=\"color: #0000ff;\">Estimados\/as Aspirantes: les informamos que el d\u00eda <strong>20\/02\/2026 a las 9 hs.<\/strong> reabriremos la inscripci\u00f3n online a las carreras de nuestro Instituto de acuerdo a las vacantes disponibles. <\/p>\n<p>Recuerden que luego de esta inscripci\u00f3n online deber\u00e1n presentarse en el Instituto a entregar la documentaci\u00f3n solicitada en formato papel. La recepci\u00f3n de documentaci\u00f3n se efectuar\u00e1 el d\u00eda 23\/02\/2026 en los siguientes horarios:\u00a0<\/span><\/p>\n<\/h2>\n<h2><strong><span style=\"color: #0000ff;\">T.Ma\u00f1ana Sede: de 09 a 11.30 hs<\/span><br \/><span style=\"color: #0000ff;\">T. Tarde Sede: de 14 a 16.30 hs<\/span><br \/><span style=\"color: #0000ff;\">T Noche Sede: de 19 a 21 hs<\/span><br \/><span style=\"color: #0000ff;\">T. Noche Subsede: de 19 a 21 hs<\/span><\/p>\n<p><span style=\"color: #0000ff;\">Les pedimos por favor lean toda la informaci\u00f3n disponible en esta p\u00e1gina. <\/span><\/p>\n<p><span style=\"color: #0000ff;\">Los formularios para inscribirse ser\u00e1n subidos oportunamente (no son los mismos que en Diciembre)\u00a0<\/span><\/p>\n<p><span style=\"color: #0000ff;\">Gracias<\/span><\/p>\n<p><span style=\"color: #0000ff;\">EQUIPO DIRECTIVO<\/span><\/strong><\/h2>\n<p>&nbsp;<\/p>\n<h1 style=\"text-align: center;\"><strong>ATENCI\u00d3N<\/strong><\/h1>\n<p>&nbsp;<\/p>\n<h2><span style=\"color: #ff0000;\"><strong>Les recordamos a los\/as ingresantes que <u>para confirmar la inscripci\u00f3n online <\/u>deber\u00e1n presentar la documentaci\u00f3n en formato papel, en un folio, en el instituto los d\u00edas 15,16 y 17 de diciembre de 2025 en los siguientes horarios:<\/strong><\/span><\/h2>\n<h2><span style=\"color: #ff0000;\"><strong><br \/>T.Ma\u00f1ana Sede: de 09 a 11.30 hs<br \/>T. Tarde Sede: de 14 a 16.30 hs<br \/>T Noche Sede: de 19 a 21 hs<br \/>T. Noche Subsede: de 19 a 21 hs<\/strong><\/span><\/h2>\n<p>&nbsp;<\/p>\n<h1 style=\"text-align: left;\">\n<p>\u00a0<\/h1>\n<h1 style=\"text-align: center;\"><strong><u>Los formularios de inscripci\u00f3n se habilitar\u00e1n el 10\/12 a las 9 hs.\u00a0<\/p>\n<p>Ingreso a Primer A\u00f1o 2026 (Diciembre 2025)<\/u><\/strong><\/h1>\n<p>&nbsp;<\/p>\n<p>Si quer\u00e9s inscribirte como aspirante de PRIMER A\u00d1O, para el ciclo 2026, en nuestro Instituto, complet\u00e1 el formulario de inscripci\u00f3n correspondiente a la carrera que elegiste.<\/p>\n<p>Te pedimos que lo leas con atenci\u00f3n. Los formularios ser\u00e1n habilitados\u00a0<strong>el 10 a las 9 hs.<\/strong><\/p>\n<p><strong><u>IMPORTANTE<\/u><\/strong><strong>:\u00a0Est\u00e1s por completar un formulario que reviste car\u00e1cter de declaraci\u00f3n jurada, pudiendo completar el mismo s\u00f3lo una vez.<\/strong><\/p>\n<p><strong><u>ACLARACI\u00d3N<\/u><\/strong><strong>:<\/strong><\/p>\n<p><strong>Para confirmar esta inscripci\u00f3n deber\u00e1s presentar la documentaci\u00f3n en formato papel, en un folio, en el instituto los d\u00edas 15,16 y 17 de diciembre de 2025 en los siguientes horarios:<\/strong><\/p>\n<p><strong><br \/>T.Ma\u00f1ana Sede: de 09 a 11.30 hs<br \/>T. Tarde Sede: de 14 a 16.30 hs<br \/>T Noche Sede: de 19 a 21 hs<br \/>T. Noche Subsede: de 19 a 21 hs<\/strong><\/p>\n<p><strong>\u00a0<\/strong><\/p>\n<p>&nbsp;<\/p>\n<p>Si ingres\u00e1s al formulario\u00a0antes de las 9 hs<strong>, aparecer\u00e1 una leyenda que dice que \u201c<em>Este formulario se ha cerrado autom\u00e1ticamente al haber llegado al l\u00edmite de los espacios disponibles para esta carrera<\/em><\/strong>.<strong>\u201d<\/strong>\u00a0A las 9 se abrir\u00e1 y al completarse los espacios se cerrar\u00e1 autom\u00e1ticamente.<\/p>\n<p><strong>Por favor, ingres\u00e1 a partir de las 9:00 hs<\/strong><\/p>\n<p>&nbsp;<\/p>\n<p><strong><u>Turno Ma\u00f1ana Sede<\/u><\/strong><\/p>\n<p><strong>Prof. de Qu\u00edmica (Sede):\u00a0<\/strong><\/p>\n<p><a href=\"https:\/\/docs.google.com\/forms\/d\/1eDTwgVnTDU-LktF0d5JItTGHmeQ0USh57C4fNnQqXBI\/preview\">https:\/\/docs.google.com\/forms\/d\/1eDTwgVnTDU-LktF0d5JItTGHmeQ0USh57C4fNnQqXBI\/preview<\/a><\/p>\n<p>&nbsp;<\/p>\n<p><strong>Prof. de Ed. Inicial Turno MA\u00d1ANA (Sede):\u00a0<\/strong><\/p>\n<p><a href=\"https:\/\/docs.google.com\/forms\/d\/1NihlNEm8WlaLylDhNRpdowtGNbYfh96f6d5SlSnoHxg\/preview\">https:\/\/docs.google.com\/forms\/d\/1NihlNEm8WlaLylDhNRpdowtGNbYfh96f6d5SlSnoHxg\/preview<\/a><\/p>\n<p>&nbsp;<\/p>\n<p><strong><u>Turno Tarde Sede<\/u><\/strong><\/p>\n<p><strong>Prof. de Ed. Primaria Turno TARDE (Sede) \u00a0<\/strong>\u00a0<\/p>\n<p>\u00a0<a href=\"https:\/\/docs.google.com\/forms\/d\/1flerE1EydBC7X56TKDsa2_cosf0kO41sw5MVviaZdjk\/preview\">https:\/\/docs.google.com\/forms\/d\/1flerE1EydBC7X56TKDsa2_cosf0kO41sw5MVviaZdjk\/preview<\/a><\/p>\n<p>&nbsp;<\/p>\n<p><strong>\u00a0<u>Turno Noche Sede<\/u><\/strong><\/p>\n<p><strong>Prof. de F\u00edsica (Sede)<\/strong><\/p>\n<p><a href=\"https:\/\/docs.google.com\/forms\/d\/1D7G5zyDrg8Vkd_c9_fgGwYq_zDCw8K20jyf0ssDnYng\/preview\">https:\/\/docs.google.com\/forms\/d\/1D7G5zyDrg8Vkd_c9_fgGwYq_zDCw8K20jyf0ssDnYng\/preview<\/a><\/p>\n<p>&nbsp;<\/p>\n<p><strong>Prof. de Biolog\u00eda (Sede) \u00a0\u00a0<\/strong><\/p>\n<p><a href=\"https:\/\/docs.google.com\/forms\/d\/1_tzd85Qm_fQnvzVe-yUIufkt998bZ2wymm0N8mnNUUA\/preview\">https:\/\/docs.google.com\/forms\/d\/1_tzd85Qm_fQnvzVe-yUIufkt998bZ2wymm0N8mnNUUA\/preview<\/a><\/p>\n<p>&nbsp;<\/p>\n<p><strong>\u00a0Prof. de Ed. Inicial Turno NOCHE (Sede):\u00a0<\/strong><\/p>\n<p>\u00a0<a href=\"https:\/\/docs.google.com\/forms\/d\/13BoRJ2d1Ucf73tSxGXOVAKbvwqC_ZF3uxipAhP413tg\/preview\">https:\/\/docs.google.com\/forms\/d\/13BoRJ2d1Ucf73tSxGXOVAKbvwqC_ZF3uxipAhP413tg\/preview<\/a><\/p>\n<p>&nbsp;<\/p>\n<p><strong>Tec. Sup. en Bibliotecolog\u00eda (Sede):<\/strong><\/p>\n<p><a href=\"https:\/\/docs.google.com\/forms\/d\/1zVlPxVWcw4zqjHdDSvlvQYgqIFIUCX2Z79SMTeDMzN4\/preview\">https:\/\/docs.google.com\/forms\/d\/1zVlPxVWcw4zqjHdDSvlvQYgqIFIUCX2Z79SMTeDMzN4\/preview<\/a><\/p>\n<p>&nbsp;<\/p>\n<p><strong><u>\u00a0Turno Noche Subsede<\/u><\/strong><\/p>\n<p><strong>Prof. de Ed. Primaria Turno NOCHE (Subsede) \u00a0<\/strong>\u00a0<\/p>\n<p><a href=\"https:\/\/docs.google.com\/forms\/d\/1IxTp9cHbXDmJLfRVB-97F0SZiRL9n6kPJywDwU0SAXk\/preview\">https:\/\/docs.google.com\/forms\/d\/1IxTp9cHbXDmJLfRVB-97F0SZiRL9n6kPJywDwU0SAXk\/preview<\/a><\/p>\n<p>&nbsp;<\/p>\n<p><strong>Prof. de Lengua y Literatura (Subsede)\u00a0<\/strong><\/p>\n<p><a href=\"https:\/\/docs.google.com\/forms\/d\/1_ZG9QMejE1_F4kPPBChWTxdfuM5s8-JiQ99_zsbW-PM\/preview\">https:\/\/docs.google.com\/forms\/d\/1_ZG9QMejE1_F4kPPBChWTxdfuM5s8-JiQ99_zsbW-PM\/preview<\/a><\/p>\n<p>&nbsp;<\/p>\n<p><strong>Prof. de Matem\u00e1tica (Subsede) \u00a0<\/strong>\u00a0<\/p>\n<p><a href=\"https:\/\/docs.google.com\/forms\/d\/1Tf9JLsWlb_2p0SKuIkgctrK-uvZ8pd7UahLVTCL0GSg\/preview\">https:\/\/docs.google.com\/forms\/d\/1Tf9JLsWlb_2p0SKuIkgctrK-uvZ8pd7UahLVTCL0GSg\/preview<\/a><\/p>\n<p>&nbsp;<\/p>\n<h2 class=\"wp-block-heading has-text-align-center has-contrast-color has-white-background-color has-text-color has-background\" style=\"text-align: center;\"><strong>ATENCI\u00d3N: INSCRIPCI\u00d3N ONLINE 10\/12\/2025 9 HS<\/p>\n<p><\/strong>Inscripci\u00f3n Ciclo lectivo 2026<\/h2>\n<p>A partir de este momento, cuentan con la informaci\u00f3n sobre c\u00f3mo realizar la inscripci\u00f3n a primer a\u00f1o en el Instituto Superior de Formaci\u00f3n Docente y T\u00e9cnica N\u00ba 56 para el Ciclo 2025.<\/p>\n<p>Les pedimos que ingresen al siguiente<strong>\u00a0link<\/strong>\u00a0para poder acceder a la informaci\u00f3n sobre cronogramas y documentaci\u00f3n a presentar:<\/p>\n<h2 class=\"has-text-align-center\" style=\"text-align: center;\"><a href=\"https:\/\/isfd56-bue.infd.edu.ar\/sitio\/wp-content\/uploads\/2025\/11\/Ingreso-a-Primer-Ano-2026-pdf.pdf\">Ingreso a Primer A\u00f1o<\/a><\/h2>\n<h2 class=\"wp-block-heading\" style=\"text-align: center;\">\u00a0<\/h2>\n<p><strong>PLANILLA A DESCARGAR<\/strong><\/p>\n<p>Agregamos este enlace para que puedan descargar la planilla de Inscripci\u00f3n. La misma debe ser entregada en las fechas en que se entrega la documentaci\u00f3n. La pueden descargar cliqueando en el nombre o en las fotocopiadoras aleda\u00f1as a ambos edificios.<\/p>\n<p>Es imprescindible que antes de descargarla lean completo el documento de inscripci\u00f3n cuyo enlace figura en la publicaci\u00f3n precedente para que sigan las indicaciones que all\u00ed se establecen:<\/p>\n<p>&nbsp;<\/p>\n<p><a href=\"https:\/\/isfd56-bue.infd.edu.ar\/sitio\/wp-content\/uploads\/2025\/11\/Planilla-de-Inscripcion-2026.pdf\">Planilla de Inscripci\u00f3n 2026<\/a><\/p>\n","protected":false},"excerpt":{"rendered":"<p>ATENCI\u00d3N: Para confirmar\u00a0 inscripci\u00f3n deber\u00e1n presentar la documentaci\u00f3n en formato papel, en un folio, en el instituto el d\u00eda Lunes 23\/02\u00a0 de 2025 en los siguientes horarios: T.Ma\u00f1ana Sede: de 09 a 11.30 hsT. Tarde Sede: de 14 a 16.30 hsT Noche Sede: de 19 a 21 hsT. Noche Subsede: de 19 a 21 hs &#8230; <a title=\"INGRESO 2026\" class=\"read-more\" href=\"https:\/\/isfd56-bue.infd.edu.ar\/sitio\/ingreso-2026\/\" aria-label=\"More on INGRESO 2026\">[+]<\/a><\/p>\n","protected":false},"author":5040,"featured_media":0,"parent":0,"menu_order":0,"comment_status":"closed","ping_status":"closed","template":"","meta":[],"acf":[],"_links":{"self":[{"href":"https:\/\/isfd56-bue.infd.edu.ar\/sitio\/wp-json\/wp\/v2\/pages\/4311"}],"collection":[{"href":"https:\/\/isfd56-bue.infd.edu.ar\/sitio\/wp-json\/wp\/v2\/pages"}],"about":[{"href":"https:\/\/isfd56-bue.infd.edu.ar\/sitio\/wp-json\/wp\/v2\/types\/page"}],"author":[{"embeddable":true,"href":"https:\/\/isfd56-bue.infd.edu.ar\/sitio\/wp-json\/wp\/v2\/users\/5040"}],"replies":[{"embeddable":true,"href":"https:\/\/isfd56-bue.infd.edu.ar\/sitio\/wp-json\/wp\/v2\/comments?post=4311"}],"version-history":[{"count":52,"href":"https:\/\/isfd56-bue.infd.edu.ar\/sitio\/wp-json\/wp\/v2\/pages\/4311\/revisions"}],"predecessor-version":[{"id":4411,"href":"https:\/\/isfd56-bue.infd.edu.ar\/sitio\/wp-json\/wp\/v2\/pages\/4311\/revisions\/4411"}],"wp:attachment":[{"href":"https:\/\/isfd56-bue.infd.edu.ar\/sitio\/wp-json\/wp\/v2\/media?parent=4311"}],"curies":[{"name":"wp","href":"https:\/\/api.w.org\/{rel}","templated":true}]}}