{"id":4512,"date":"2026-03-12T15:42:05","date_gmt":"2026-03-12T18:42:05","guid":{"rendered":"https:\/\/isfd56-bue.infd.edu.ar\/sitio\/?page_id=4512"},"modified":"2026-03-12T16:20:22","modified_gmt":"2026-03-12T19:20:22","slug":"alumnos-as-itinerantes","status":"publish","type":"page","link":"https:\/\/isfd56-bue.infd.edu.ar\/sitio\/alumnos-as-itinerantes\/","title":{"rendered":"INFORMACI\u00d3N PARA ALUMNOS\/AS ITINERANTES"},"content":{"rendered":"\n<p>                                                                                        <\/p>\n\n\n\n<p>                                                                            <\/p>\n\n\n\n<p><strong><u>ALUMNOS\/AS &nbsp;ITINERANTES.<\/u><\/strong><\/p>\n\n\n\n<p><strong><u>Informaci<\/u><\/strong><strong><u>\u00f3<\/u><\/strong><strong><u>n relevante extra<\/u><\/strong><strong><u>\u00ed<\/u><\/strong><strong><u>da del RAM<\/u><\/strong><\/p>\n\n\n\n<p><strong>Consideraciones<\/strong><strong> <\/strong><strong>generales<\/strong><strong><\/strong><\/p>\n\n\n\n<ol type=\"1\">\n<li><strong>La o el estudiante itinerante <\/strong>es quien cursa como estudiante regular en un Instituto Superior dependiente de la DGCyE y, al mismo tiempo, cursa una o m\u00e1s unidades curriculares en otro IS de la jurisdicci\u00f3n en la que no se encuentra matriculada o matriculado para acreditar una o m\u00e1s unidades curriculares en un Profesorado o Tecnicatura.<\/li>\n\n\n\n<li>Una o un estudiante podr\u00e1 optar por cursar como itinerante, hasta el 30% de las unidades curriculares (UC) de la carrera. Queda exceptuado el Campo de la Pr\u00e1ctica Docente y Pr\u00e1cticas Profesionalizantes. Cuando los dise\u00f1os curriculares prescriban la cursada en simult\u00e1neo de dos o m\u00e1s unidades curriculares, \u00e9stas deber\u00e1n cursarse en el mismo IS.<\/li>\n\n\n\n<li>La solicitud se realizar\u00e1 en el periodo de inscripci\u00f3n a la\/s unidad\/es curricular\/es teniendo en cuenta las fechas dispuestas por el Instituto Superior en el que aspira cursar.<\/li>\n\n\n\n<li>Ser\u00e1 condici\u00f3n que la UC en la que solicita cursar corresponda al mismo plan de estudio o bien sea una UC con igual denominaci\u00f3n, carga horaria y contenidos m\u00ednimos prescriptos que en el dise\u00f1o de la carrera en la que se encuentra matriculada o matriculado la o el estudiante.<\/li>\n\n\n\n<li>El Instituto Superior considerar\u00e1 como \u00fanica variable para aceptar o rechazar la solicitud, el n\u00famero de estudiantes matriculadas o matriculados en la UC en la que se solicita vacante.<\/li>\n\n\n\n<li>La cursada de unidades curriculares realizadas como estudiante itinerante, tendr\u00e1 una validez de ocho turnos consecutivos a partir de la finalizaci\u00f3n de la cursada.<\/li>\n\n\n\n<li>La <strong>acreditaci\u00f3n<\/strong><strong> <\/strong>de la UC se deber\u00e1 realizar en el Instituto Superior donde cursa como itinerante.<\/li>\n\n\n\n<li>La opci\u00f3n de estudiante itinerante podr\u00e1 realizarse en cualquier Instituto superior que forme parte del \u00e1mbito de aplicaci\u00f3n de la presente resoluci\u00f3n.<\/li>\n<\/ol>\n\n\n\n<p><strong>Son responsabilidades de la o el estudiante<br><br><\/strong>           Presentar ante la direcci\u00f3n del IS donde aspira a cursar el Formulario <strong>A: \u201c<em>Solicitud para cursar unidades curriculares como estudiante itinerante<\/em>\u201d <\/strong>junto con el certificado anal\u00edtico parcial actualizado al momento de la solicitud.<ul><li>Notificar a la Direcci\u00f3n del IS donde se hallare matriculada\/o la aceptaci\u00f3n como estudiante itinerante en otro IS a trav\u00e9s de la entrega del <strong>Formulario B: \u201c<em>Notificaci\u00f3n IS en el que la\/el estudiante se encuentra matriculada\/o<\/em>\u201d<\/strong>Cumplir con las condiciones institucionales y de la propuesta pedag\u00f3gica para la acreditaci\u00f3n de la unidad curricular del IS en el que realiza la solicitud.Solicitar ante el IS donde cursa como estudiante itinerante el <strong>Formulario D: <\/strong>\u201c<strong><em>Constancia de acreditaci\u00f3n de unidad curricular como estudiante itinerante\u201d<\/em><\/strong><\/li><\/ul><\/p>\n\n\n\n<p><strong><u>EN S\u00cdNTESIS<\/u><\/strong><\/p>\n\n\n\n<p><strong>Los\/as estudiantes que presenten solicitud deben descargar los Formularios &nbsp;A y B que se adjuntan. <a href=\"https:\/\/isfd56-bue.infd.edu.ar\/sitio\/wp-content\/uploads\/2026\/03\/Formularios-A-y-B-itinerantes.docx\">Formularios A y B<\/a><br><br>El formulario A junto con el Anal\u00edtico Parcial deben ser entregadas en el Instituto donde se aspira a cursar.<br><br>Una vez aceptada la petici\u00f3n &nbsp;deben llevar al Instituto de origen el Formulario B.<\/strong><\/p>\n\n\n\n<p><strong><br>Luego de acreditar la Unidad Curricular deben solicitar en el Instituto donde cursaron la Unidad Curricular el Formulario D y presentarlo ante el Instituto de origen.<\/strong><\/p>\n\n\n\n<h2 class=\"wp-block-heading\">LAS SOLICITUDES DEBER\u00c1N SER ENTREGADAS A PARTIR DEL D\u00cdA MARTES 17\/03 EN EL TURNO EN QUE SOLICITAN LA VACANTE PARA CURSAR LA UC<\/h2>\n","protected":false},"excerpt":{"rendered":"<p>ALUMNOS\/AS &nbsp;ITINERANTES. Informaci\u00f3n relevante extra\u00edda del RAM Consideraciones generales Son responsabilidades de la o el estudiante Presentar ante la direcci\u00f3n del IS donde aspira a cursar el Formulario A: \u201cSolicitud para cursar unidades curriculares como estudiante itinerante\u201d junto con el certificado anal\u00edtico parcial actualizado al momento de la solicitud. Notificar a la Direcci\u00f3n del IS &#8230; <a title=\"INFORMACI\u00d3N PARA ALUMNOS\/AS ITINERANTES\" class=\"read-more\" href=\"https:\/\/isfd56-bue.infd.edu.ar\/sitio\/alumnos-as-itinerantes\/\" aria-label=\"More on INFORMACI\u00d3N PARA ALUMNOS\/AS ITINERANTES\">[+]<\/a><\/p>\n","protected":false},"author":5040,"featured_media":0,"parent":0,"menu_order":0,"comment_status":"closed","ping_status":"closed","template":"","meta":[],"acf":[],"_links":{"self":[{"href":"https:\/\/isfd56-bue.infd.edu.ar\/sitio\/wp-json\/wp\/v2\/pages\/4512"}],"collection":[{"href":"https:\/\/isfd56-bue.infd.edu.ar\/sitio\/wp-json\/wp\/v2\/pages"}],"about":[{"href":"https:\/\/isfd56-bue.infd.edu.ar\/sitio\/wp-json\/wp\/v2\/types\/page"}],"author":[{"embeddable":true,"href":"https:\/\/isfd56-bue.infd.edu.ar\/sitio\/wp-json\/wp\/v2\/users\/5040"}],"replies":[{"embeddable":true,"href":"https:\/\/isfd56-bue.infd.edu.ar\/sitio\/wp-json\/wp\/v2\/comments?post=4512"}],"version-history":[{"count":4,"href":"https:\/\/isfd56-bue.infd.edu.ar\/sitio\/wp-json\/wp\/v2\/pages\/4512\/revisions"}],"predecessor-version":[{"id":4524,"href":"https:\/\/isfd56-bue.infd.edu.ar\/sitio\/wp-json\/wp\/v2\/pages\/4512\/revisions\/4524"}],"wp:attachment":[{"href":"https:\/\/isfd56-bue.infd.edu.ar\/sitio\/wp-json\/wp\/v2\/media?parent=4512"}],"curies":[{"name":"wp","href":"https:\/\/api.w.org\/{rel}","templated":true}]}}