{"id":739,"date":"2018-08-29T16:37:00","date_gmt":"2018-08-29T19:37:00","guid":{"rendered":"https:\/\/isfd56-bue.infd.edu.ar\/sitio\/profesorado-de-educacion-secundaria-en-matematica\/"},"modified":"2024-12-11T07:28:47","modified_gmt":"2024-12-11T10:28:47","slug":"profesorado-de-educacion-secundaria-en-matematica","status":"publish","type":"page","link":"https:\/\/isfd56-bue.infd.edu.ar\/sitio\/profesorado-de-educacion-secundaria-en-matematica\/","title":{"rendered":"Profesorado de Educaci\u00f3n Secundaria en MATEM\u00c1TICA"},"content":{"rendered":"<p><em><span style=\"text-decoration: underline;\"><span style=\"font-size: 12pt;\"><strong>Profesorado de Educaci\u00f3n\u00a0 Secundaria en Matem\u00e1tica<\/strong><\/span><\/span><\/em><\/p>\n<p>Se dicta en la SUBSEDE del I.S.F.D. y T. N\u00b056.<\/p>\n<p>Calle Santa Catalina esq. Magnasco. Gregorio de Laferrere.<\/p>\n<p>TURNO NOCHE<\/p>\n<p><a href=\"https:\/\/isfd56-bue.infd.edu.ar\/sitio\/wp-content\/uploads\/2024\/12\/PLAN-DE-ESTUDIOS-PROFESORADO-DE-MATEMATICA.pdf\">PLAN DE ESTUDIOS PROFESORADO DE MATEM\u00c1TICA<\/a><\/p>\n<p>NUEVO R\u00c9GIMEN DE CORRELATIVIDADES:<\/p>\n<p><a href=\"https:\/\/isfd56-bue.infd.edu.ar\/sitio\/wp-content\/uploads\/2024\/12\/CORRELATIVIDADES-MATEMATICA.pdf\">CORRELATIVIDADES MATEM\u00c1TICA<\/a><\/p>\n","protected":false},"excerpt":{"rendered":"<p>Profesorado de Educaci\u00f3n\u00a0 Secundaria en Matem\u00e1tica Se dicta en la SUBSEDE del I.S.F.D. y T. N\u00b056. Calle Santa Catalina esq. Magnasco. Gregorio de Laferrere. TURNO NOCHE PLAN DE ESTUDIOS PROFESORADO DE MATEM\u00c1TICA NUEVO R\u00c9GIMEN DE CORRELATIVIDADES: CORRELATIVIDADES MATEM\u00c1TICA<\/p>\n","protected":false},"author":15,"featured_media":0,"parent":0,"menu_order":0,"comment_status":"closed","ping_status":"closed","template":"","meta":[],"acf":[],"_links":{"self":[{"href":"https:\/\/isfd56-bue.infd.edu.ar\/sitio\/wp-json\/wp\/v2\/pages\/739"}],"collection":[{"href":"https:\/\/isfd56-bue.infd.edu.ar\/sitio\/wp-json\/wp\/v2\/pages"}],"about":[{"href":"https:\/\/isfd56-bue.infd.edu.ar\/sitio\/wp-json\/wp\/v2\/types\/page"}],"author":[{"embeddable":true,"href":"https:\/\/isfd56-bue.infd.edu.ar\/sitio\/wp-json\/wp\/v2\/users\/15"}],"replies":[{"embeddable":true,"href":"https:\/\/isfd56-bue.infd.edu.ar\/sitio\/wp-json\/wp\/v2\/comments?post=739"}],"version-history":[{"count":6,"href":"https:\/\/isfd56-bue.infd.edu.ar\/sitio\/wp-json\/wp\/v2\/pages\/739\/revisions"}],"predecessor-version":[{"id":3736,"href":"https:\/\/isfd56-bue.infd.edu.ar\/sitio\/wp-json\/wp\/v2\/pages\/739\/revisions\/3736"}],"wp:attachment":[{"href":"https:\/\/isfd56-bue.infd.edu.ar\/sitio\/wp-json\/wp\/v2\/media?parent=739"}],"curies":[{"name":"wp","href":"https:\/\/api.w.org\/{rel}","templated":true}]}}