{"id":741,"date":"2018-08-29T16:37:01","date_gmt":"2018-08-29T19:37:01","guid":{"rendered":"https:\/\/isfd56-bue.infd.edu.ar\/sitio\/profesorado-de-educacion-secundaria-en-lengua-y-literatura\/"},"modified":"2024-12-10T20:12:46","modified_gmt":"2024-12-10T23:12:46","slug":"profesorado-de-educacion-secundaria-en-lengua-y-literatura","status":"publish","type":"page","link":"https:\/\/isfd56-bue.infd.edu.ar\/sitio\/profesorado-de-educacion-secundaria-en-lengua-y-literatura\/","title":{"rendered":"Profesorado de Educaci\u00f3n Secundaria en LENGUA Y LITERATURA"},"content":{"rendered":"<p><em><span style=\"text-decoration: underline;\"><span style=\"font-size: 14pt;\"><strong>Profesorado de Educaci\u00f3n Secundaria en Lengua Y Literatura<\/strong><\/span><\/span><\/em><\/p>\n<p><span style=\"font-size: 14pt;\">Se dicta en la SUBSEDE del I.S.F.D. y T. N\u00b056.<\/span><\/p>\n<p><span style=\"font-size: 14pt;\">Calle Santa Catalina esq. Magnasco. Gregorio de Laferrere.<\/span><\/p>\n<p><span style=\"font-size: 14pt;\">TURNO NOCHE<\/span><\/p>\n<p>PLAN DE ESTUDIOS<\/p>\n<p><a href=\"https:\/\/isfd56-bue.infd.edu.ar\/sitio\/wp-content\/uploads\/2024\/12\/PROFESORADO-DE-EDUCACION-SECUNDARIA-EN-LENGUA-Y-LITERATURA-PLAN-DE-ESTUDIOS-1-1.pdf\">PROFESORADO DE EDUCACI\u00d3N SECUNDARIA EN LENGUA Y LITERATURA PLAN DE ESTUDIOS<\/a><\/p>\n<p>R\u00e9gimen de correlatividades<\/p>\n<p><a href=\"https:\/\/isfd56-bue.infd.edu.ar\/sitio\/wp-content\/uploads\/2024\/12\/REGIMEN-DE-CORRELATIVIDADES-PROF.-DE-LENGUA-Y-LITERATURA.pdf\">R\u00c9GIMEN DE CORRELATIVIDADES PROF. DE LENGUA Y LITERATURA<\/a><\/p>\n","protected":false},"excerpt":{"rendered":"<p>Profesorado de Educaci\u00f3n Secundaria en Lengua Y Literatura Se dicta en la SUBSEDE del I.S.F.D. y T. N\u00b056. Calle Santa Catalina esq. Magnasco. Gregorio de Laferrere. TURNO NOCHE PLAN DE ESTUDIOS PROFESORADO DE EDUCACI\u00d3N SECUNDARIA EN LENGUA Y LITERATURA PLAN DE ESTUDIOS R\u00e9gimen de correlatividades R\u00c9GIMEN DE CORRELATIVIDADES PROF. DE LENGUA Y LITERATURA<\/p>\n","protected":false},"author":15,"featured_media":0,"parent":0,"menu_order":0,"comment_status":"closed","ping_status":"closed","template":"","meta":[],"acf":[],"_links":{"self":[{"href":"https:\/\/isfd56-bue.infd.edu.ar\/sitio\/wp-json\/wp\/v2\/pages\/741"}],"collection":[{"href":"https:\/\/isfd56-bue.infd.edu.ar\/sitio\/wp-json\/wp\/v2\/pages"}],"about":[{"href":"https:\/\/isfd56-bue.infd.edu.ar\/sitio\/wp-json\/wp\/v2\/types\/page"}],"author":[{"embeddable":true,"href":"https:\/\/isfd56-bue.infd.edu.ar\/sitio\/wp-json\/wp\/v2\/users\/15"}],"replies":[{"embeddable":true,"href":"https:\/\/isfd56-bue.infd.edu.ar\/sitio\/wp-json\/wp\/v2\/comments?post=741"}],"version-history":[{"count":4,"href":"https:\/\/isfd56-bue.infd.edu.ar\/sitio\/wp-json\/wp\/v2\/pages\/741\/revisions"}],"predecessor-version":[{"id":3723,"href":"https:\/\/isfd56-bue.infd.edu.ar\/sitio\/wp-json\/wp\/v2\/pages\/741\/revisions\/3723"}],"wp:attachment":[{"href":"https:\/\/isfd56-bue.infd.edu.ar\/sitio\/wp-json\/wp\/v2\/media?parent=741"}],"curies":[{"name":"wp","href":"https:\/\/api.w.org\/{rel}","templated":true}]}}