{"id":757,"date":"2018-08-29T16:37:07","date_gmt":"2018-08-29T19:37:07","guid":{"rendered":"https:\/\/isfd56-bue.infd.edu.ar\/sitio\/tecnicatura-superior-en-bibliotecologia\/"},"modified":"2018-12-04T13:41:14","modified_gmt":"2018-12-04T16:41:14","slug":"tecnicatura-superior-en-bibliotecologia","status":"publish","type":"page","link":"https:\/\/isfd56-bue.infd.edu.ar\/sitio\/tecnicatura-superior-en-bibliotecologia\/","title":{"rendered":"Tecnicatura Superior en BIBLIOTECOLOG\u00cdA"},"content":{"rendered":"<p><em><span style=\"text-decoration: underline;\"><span style=\"font-size: 12pt;\"><strong>Tecnicatura Superior en Bibliotecolog\u00eda<\/strong><\/span><\/span><\/em><\/p>\n<p>&nbsp;<\/p>\n<p>Se dicta en la\u00a0SEDE del I.S.F.D. y T. N\u00b056.<\/p>\n<p>Calle Ramiro de Velazco 5909 &#8211; Gonzalez Cat\u00e1n<\/p>\n<p>&nbsp;<\/p>\n<p>CLICK EN EL SIGUIENTE LINK PARA VALIDAR SU INSCRIPCI\u00d3N COMO ASPIRANTE 2019<\/p>\n<p>&nbsp;<\/p>\n<p><span style=\"text-decoration: underline;\"><span style=\"font-size: 24pt;\"><a href=\"https:\/\/goo.gl\/forms\/MaUaFnoifcOVZHzE3\">TECNICATURA SUPERIOR EN BIBLIOTECOLOG\u00cdA\u00a0\u00a0INGRESO 2019<\/a><\/span><\/span><\/p>\n","protected":false},"excerpt":{"rendered":"<p>Tecnicatura Superior en Bibliotecolog\u00eda &nbsp; Se dicta en la\u00a0SEDE del I.S.F.D. y T. N\u00b056. Calle Ramiro de Velazco 5909 &#8211; Gonzalez Cat\u00e1n &nbsp; CLICK EN EL SIGUIENTE LINK PARA VALIDAR SU INSCRIPCI\u00d3N COMO ASPIRANTE 2019 &nbsp; TECNICATURA SUPERIOR EN BIBLIOTECOLOG\u00cdA\u00a0\u00a0INGRESO 2019<\/p>\n","protected":false},"author":15,"featured_media":0,"parent":0,"menu_order":0,"comment_status":"closed","ping_status":"closed","template":"","meta":[],"acf":[],"_links":{"self":[{"href":"https:\/\/isfd56-bue.infd.edu.ar\/sitio\/wp-json\/wp\/v2\/pages\/757"}],"collection":[{"href":"https:\/\/isfd56-bue.infd.edu.ar\/sitio\/wp-json\/wp\/v2\/pages"}],"about":[{"href":"https:\/\/isfd56-bue.infd.edu.ar\/sitio\/wp-json\/wp\/v2\/types\/page"}],"author":[{"embeddable":true,"href":"https:\/\/isfd56-bue.infd.edu.ar\/sitio\/wp-json\/wp\/v2\/users\/15"}],"replies":[{"embeddable":true,"href":"https:\/\/isfd56-bue.infd.edu.ar\/sitio\/wp-json\/wp\/v2\/comments?post=757"}],"version-history":[{"count":1,"href":"https:\/\/isfd56-bue.infd.edu.ar\/sitio\/wp-json\/wp\/v2\/pages\/757\/revisions"}],"predecessor-version":[{"id":892,"href":"https:\/\/isfd56-bue.infd.edu.ar\/sitio\/wp-json\/wp\/v2\/pages\/757\/revisions\/892"}],"wp:attachment":[{"href":"https:\/\/isfd56-bue.infd.edu.ar\/sitio\/wp-json\/wp\/v2\/media?parent=757"}],"curies":[{"name":"wp","href":"https:\/\/api.w.org\/{rel}","templated":true}]}}