{"id":759,"date":"2018-08-29T16:37:08","date_gmt":"2018-08-29T19:37:08","guid":{"rendered":"https:\/\/isfd56-bue.infd.edu.ar\/sitio\/profesorado-de-educacion-secundaria-en-biologia\/"},"modified":"2018-12-04T13:28:07","modified_gmt":"2018-12-04T16:28:07","slug":"profesorado-de-educacion-secundaria-en-biologia","status":"publish","type":"page","link":"https:\/\/isfd56-bue.infd.edu.ar\/sitio\/profesorado-de-educacion-secundaria-en-biologia\/","title":{"rendered":"Profesorado de Educaci\u00f3n Secundaria en Biolog\u00eda"},"content":{"rendered":"<p><em><span style=\"text-decoration: underline;\"><span style=\"font-size: 12pt;\"><strong>Profesorado de Educaci\u00f3n Secundaria en Biolog\u00eda<\/strong><\/span><\/span><\/em><\/p>\n<p>&nbsp;<\/p>\n<p>Se dicta en la SEDE del I.S.F.D. y T. N\u00b056.<\/p>\n<p>Calle\u00a0Ramiro de Velazco 5909. Gonzalez Cat\u00e1n<\/p>\n<p>TURNO NOCHE<\/p>\n<p>&nbsp;<\/p>\n<p>CLICK EN EL SIGUIENTE LINK PARA VALIDAR SU INSCRIPCI\u00d3N COMO ASPIRANTE 2019<\/p>\n<p>&nbsp;<\/p>\n<p><span style=\"text-decoration: underline;\"><span style=\"font-size: 24pt;\"><a href=\"https:\/\/goo.gl\/forms\/ASVFON4wj4O2J9Y93\">PROFESORADO DE BIOLOG\u00cdA INGRESO 2019<\/a><\/span><\/span><\/p>\n","protected":false},"excerpt":{"rendered":"<p>Profesorado de Educaci\u00f3n Secundaria en Biolog\u00eda &nbsp; Se dicta en la SEDE del I.S.F.D. y T. N\u00b056. Calle\u00a0Ramiro de Velazco 5909. Gonzalez Cat\u00e1n TURNO NOCHE &nbsp; CLICK EN EL SIGUIENTE LINK PARA VALIDAR SU INSCRIPCI\u00d3N COMO ASPIRANTE 2019 &nbsp; PROFESORADO DE BIOLOG\u00cdA INGRESO 2019<\/p>\n","protected":false},"author":15,"featured_media":0,"parent":0,"menu_order":0,"comment_status":"closed","ping_status":"closed","template":"","meta":[],"acf":[],"_links":{"self":[{"href":"https:\/\/isfd56-bue.infd.edu.ar\/sitio\/wp-json\/wp\/v2\/pages\/759"}],"collection":[{"href":"https:\/\/isfd56-bue.infd.edu.ar\/sitio\/wp-json\/wp\/v2\/pages"}],"about":[{"href":"https:\/\/isfd56-bue.infd.edu.ar\/sitio\/wp-json\/wp\/v2\/types\/page"}],"author":[{"embeddable":true,"href":"https:\/\/isfd56-bue.infd.edu.ar\/sitio\/wp-json\/wp\/v2\/users\/15"}],"replies":[{"embeddable":true,"href":"https:\/\/isfd56-bue.infd.edu.ar\/sitio\/wp-json\/wp\/v2\/comments?post=759"}],"version-history":[{"count":2,"href":"https:\/\/isfd56-bue.infd.edu.ar\/sitio\/wp-json\/wp\/v2\/pages\/759\/revisions"}],"predecessor-version":[{"id":4437,"href":"https:\/\/isfd56-bue.infd.edu.ar\/sitio\/wp-json\/wp\/v2\/pages\/759\/revisions\/4437"}],"wp:attachment":[{"href":"https:\/\/isfd56-bue.infd.edu.ar\/sitio\/wp-json\/wp\/v2\/media?parent=759"}],"curies":[{"name":"wp","href":"https:\/\/api.w.org\/{rel}","templated":true}]}}