{"id":775,"date":"2018-08-29T16:37:13","date_gmt":"2018-08-29T19:37:13","guid":{"rendered":"https:\/\/isfd56-bue.infd.edu.ar\/sitio\/autoridades\/"},"modified":"2020-07-06T18:12:24","modified_gmt":"2020-07-06T21:12:24","slug":"autoridades","status":"publish","type":"page","link":"https:\/\/isfd56-bue.infd.edu.ar\/sitio\/autoridades\/","title":{"rendered":"Autoridades"},"content":{"rendered":"<p><span style=\"font-family: arial,helvetica,sans-serif; color: #cc6600; font-size: 12pt;\"><span style=\"color: #000080;\"><span style=\"text-decoration: underline;\">Director<\/span><\/span><strong><span style=\"color: #333399;\">: <\/span><\/strong><\/span><\/p>\n<ul>\n<li><strong style=\"color: #333399; font-family: arial, helvetica, sans-serif; font-size: 12pt;\"><em>Prof. Jos\u00e9 PIZZULO<\/em><\/strong><\/li>\n<\/ul>\n<p><span style=\"font-family: arial,helvetica,sans-serif; color: #cc6600; font-size: 12pt;\"><span style=\"color: #333399;\"><span style=\"text-decoration: underline;\">Regentes:<\/span><\/span><\/span><\/p>\n<ul>\n<li><strong style=\"color: #333399; font-family: arial, helvetica, sans-serif; font-size: 12pt;\"><em>Prof. Mar\u00eda Alejandra YOYA<\/em><\/strong><\/li>\n<li><em style=\"color: #000080; font-family: arial, helvetica, sans-serif;\"><strong>Prof. Gladys E. PERRONE<\/strong><\/em><\/li>\n<\/ul>\n<p><span style=\"font-family: arial,helvetica,sans-serif; color: #cc6600; font-size: 12pt;\"><span style=\"color: #333399;\"><span style=\"text-decoration: underline;\">Secretaria:<\/span><\/span><\/span><\/p>\n<ul>\n<li><span style=\"font-family: arial,helvetica,sans-serif; color: #cc6600; font-size: 12pt;\"><span style=\"color: #333399;\"><strong><em>Prof. Mar\u00eda Cristina ROBLES<\/em><\/strong><\/span><\/span><\/li>\n<\/ul>\n<p><span style=\"font-family: arial,helvetica,sans-serif; color: #cc6600; font-size: 12pt;\"><span style=\"color: #333399;\"><span style=\"text-decoration: underline;\">Jefa y Jefe de \u00c1rea:<\/span><\/span><\/span><\/p>\n<ul>\n<li><span style=\"font-family: arial, helvetica, sans-serif; color: #000080; font-size: 12pt;\"><span style=\"font-family: arial, helvetica, sans-serif; font-size: 12pt;\"><em><strong>Prof. Adriana PIDOTO\u00a0<\/strong><\/em>\u00a0(Lengua y Literatura)<\/span><\/span><\/li>\n<li><span style=\"color: #000080;\"><em><strong><span style=\"font-family: arial, helvetica, sans-serif; font-size: 12pt;\"><span style=\"font-family: arial, helvetica, sans-serif; font-size: 12pt;\">Prof. Gerardo MATTIA<\/span><\/span><\/strong><\/em><strong><span style=\"font-family: arial, helvetica, sans-serif; font-size: 12pt;\"><span style=\"font-family: arial, helvetica, sans-serif; font-size: 12pt;\">\u00a0<\/span><\/span><\/strong><span style=\"font-family: arial, helvetica, sans-serif; font-size: 12pt;\"><span style=\"font-family: arial, helvetica, sans-serif; font-size: 12pt;\">(Educaci\u00f3n Primaria)<\/span><\/span><\/span><\/li>\n<\/ul>\n","protected":false},"excerpt":{"rendered":"<p>Director: Prof. Jos\u00e9 PIZZULO Regentes: Prof. Mar\u00eda Alejandra YOYA Prof. Gladys E. PERRONE Secretaria: Prof. Mar\u00eda Cristina ROBLES Jefa y Jefe de \u00c1rea: Prof. Adriana PIDOTO\u00a0\u00a0(Lengua y Literatura) Prof. Gerardo MATTIA\u00a0(Educaci\u00f3n Primaria)<\/p>\n","protected":false},"author":15,"featured_media":0,"parent":0,"menu_order":0,"comment_status":"closed","ping_status":"closed","template":"","meta":[],"acf":[],"_links":{"self":[{"href":"https:\/\/isfd56-bue.infd.edu.ar\/sitio\/wp-json\/wp\/v2\/pages\/775"}],"collection":[{"href":"https:\/\/isfd56-bue.infd.edu.ar\/sitio\/wp-json\/wp\/v2\/pages"}],"about":[{"href":"https:\/\/isfd56-bue.infd.edu.ar\/sitio\/wp-json\/wp\/v2\/types\/page"}],"author":[{"embeddable":true,"href":"https:\/\/isfd56-bue.infd.edu.ar\/sitio\/wp-json\/wp\/v2\/users\/15"}],"replies":[{"embeddable":true,"href":"https:\/\/isfd56-bue.infd.edu.ar\/sitio\/wp-json\/wp\/v2\/comments?post=775"}],"version-history":[{"count":3,"href":"https:\/\/isfd56-bue.infd.edu.ar\/sitio\/wp-json\/wp\/v2\/pages\/775\/revisions"}],"predecessor-version":[{"id":1333,"href":"https:\/\/isfd56-bue.infd.edu.ar\/sitio\/wp-json\/wp\/v2\/pages\/775\/revisions\/1333"}],"wp:attachment":[{"href":"https:\/\/isfd56-bue.infd.edu.ar\/sitio\/wp-json\/wp\/v2\/media?parent=775"}],"curies":[{"name":"wp","href":"https:\/\/api.w.org\/{rel}","templated":true}]}}